{"id":1802,"date":"2016-08-11T10:04:39","date_gmt":"2016-08-11T15:04:39","guid":{"rendered":"http:\/\/ministerioaguadevida.net\/jovenes\/?page_id=1802"},"modified":"2016-08-11T10:04:39","modified_gmt":"2016-08-11T15:04:39","slug":"lagrimas-benditas","status":"publish","type":"page","link":"http:\/\/ministerioaguadevida.net\/jovenes\/lagrimas-benditas\/","title":{"rendered":"Lagrimas Benditas"},"content":{"rendered":"<p>Buenos d\u00edas a todos<br \/>\nLes comparto el devocional del d\u00eda de hoy<br \/>\n NTV<br \/>\nEs mejor el llanto que la risa, porque la tristeza tiende a pulirnos.<br \/>\nNVI<br \/>\nVale m\u00e1s llorar que re\u00edr; pues entristece el rostro, pero le hace bien al coraz\u00f3n.<br \/>\nPDT<br \/>\nEl dolor es mucho mejor que la risa: porque cuando estamos tristes, tratamos de ser buenos.<br \/>\nTLA<br \/>\nM\u00e1s vale llorar que re\u00edr; el llanto nos hace madurar.<\/p>\n<p>Eclesiast\u00e9s 7:3<br \/>\nHoy m\u00e1s que dar un mensaje de aliento quiero hablarles acerca del dolor.<br \/>\nEs un vers\u00edculo que a mi parecer es muy interesante pues contiene una verdad: A veces s\u00f3lo con el dolor podemos ser mejores personas.<br \/>\nPor qu\u00e9?<br \/>\nPorque el hombre por naturaleza es egoc\u00e9ntrico, el aceptar que hay un Dios perfecto y mucho mas poderoso que \u00e9l le resulta dif\u00edcil, pensar que hay alguien que no comete los mismos errores que \u00e9l puede resultarle molesto y m\u00e1s si es quien le exige un cambio y que trate de ser como \u00e9l.<br \/>\nPor tanto, ese proceso de transformaci\u00f3n no puede ser f\u00e1cil, no basta simplemente con un: Est\u00e1s en un error, cambia.<br \/>\nHay situaciones en las que atravesar una crisis es necesario, situaciones en las que debemos ser golpeados y exprimidos al m\u00e1ximo para sacar lo peor de nosotros, para sentirnos tan peque\u00f1os que necesitamos reconocer la existencia de un Dios poderoso capaz de sacarnos de ah\u00ed.<br \/>\nHablo a personas lo suficientemente maduras que no pensar\u00e1n en un Dios prepotente y egoc\u00e9ntrico, sino en un Dios amoroso que para sacar lo mejor de nosotros usa el dolor pero con amor.<br \/>\nPero volviendo al tema inicial, en medio de estas situaciones cuando no hallamos qu\u00e9 hacer es donde act\u00faa Dios. En medio de nuestro dolor y l\u00e1grimas, est\u00e1 Dios para ser nuestro pa\u00f1uelo, est\u00e1 para ser nuestra esperanza y muy minuciosamente est\u00e1 para cambiar nuestro coraz\u00f3n y hacernos mejores personas.<br \/>\nEntonces no nos dejemos ganar de la adversidad, no dejemos que los problemas nos hagan caer si Dios prometi\u00f3 estar con nosotros.<br \/>\nNo creamos que nuestras l\u00e1grimas nadie las ve y que son un desperdicio, por el contrario sin motivo de alegr\u00eda pues hay un Dios grande que se compadece cuando ve un coraz\u00f3n adolorido.<br \/>\nFeliz d\u00eda para todos<br \/>\nDios los bendiga<\/p>\n<p><strong>Alexandra Villamarin &#8211; Ministerio Juvenil Agua de Vida<\/strong><\/p>\n\t\t\t\t\t\t\t<style>\n\t\t\t\t\t\t\t\t\t\t\t\t\t\t.huge-it-share-buttons {\n\t\t\t\t\t\t\t\tborder:0px solid #0FB5D6;\n\t\t\t\t\t\t\t\tborder-radius:5px;\n\t\t\t\t\t\t\t\t\n\t\t\t\t\t\t\t\t\n\t\t\t\t\t\t\t\t text-align:left; \t\t\t\t\t\t\t\t\t\t\t\t\t\t\t\t\t\t\t\t\t\t\t}\n\t\t\t\t\t\t\t\n\t\t\t\t\t\t\t#huge-it-share-buttons-top {margin-bottom:0px;}\n\t\t\t\t\t\t\t#huge-it-share-buttons-bottom {margin-top:0px;}\n\t\t\t\t\t\t\t\n\t\t\t\t\t\t\t.huge-it-share-buttons h3 {\n\t\t\t\t\t\t\t\tfont-size:25px ;\n\t\t\t\t\t\t\t\tfont-family:Arial,Helvetica Neue,Helvetica,sans-serif;\n\t\t\t\t\t\t\t\tcolor:#666666;\n\t\t\t\t\t\t\t\t\n\t\t\t\t\t\t\t\tdisplay:block;\t\t\t\t\t\t\t\tline-height:25px ;\n\t\t\t\t\t\t\t\t\n\t\t\t\t\t\t\t\t text-align:left; \t\t\t\t\t\t\t\t\t\t\t\t\t\t\t\t\t\t\t\t\t\t\t}\n\t\t\t\t\t\t\t\n\t\t\t\t\t\t\t\n\t\t\t\t\t\t\t.huge-it-share-buttons ul {\t\n\t\t\t\t\t\t\t\t float:left; \t\t\t\t\t\t\t\t\t\t\t\t\t\t\t\t\t\t\t\t\t\t\t}\n\t\t\t\t\t\t\t\n\t\t\t\t\t\t\t.huge-it-share-buttons ul li {\n\t\t\t\t\t\t\t\tmargin-left:3px !important;\n\t\t\t\t\t\t\t\tmargin-right:3px !important;\n\t\t\t\t\t\t\t\tpadding:0px;\n\t\t\t\t\t\t\t\tborder:0px ridge #E6354C;\n\t\t\t\t\t\t\t\tborder-radius:11px;\n\t\t\t\t\t\t\t\tbackground-color:#14CC9B;\n\t\t\t\t\t\t\t\twidth:auto !important;\n\t\t\t\t\t\t\t}\n\t\t\t\t\t\t\t\n\t\t\t\t\t\t\t.huge-it-share-buttons ul li #backforunical1802 {\n\t\t\t\t\t\t\t\tbackground-image:url('http:\/\/ministerioaguadevida.net\/jovenes\/wp-content\/plugins\/wp-share-buttons\/Front_end\/..\/images\/buttons.20.png');\n\t\t\t\t\t\t\t\twidth:20px;\n\t\t\t\t\t\t\t\theight:20px;\n\t\t\t\t\t\t\t}\n\t\t\t\t\t\t<\/style>\n\t\t\t\t\t\t\t\t\t\t\t\t<div id=\"huge-it-share-buttons-top\" class=\"huge-it-share-buttons nobackground\">\n\t\t\t\t\t\t\t<h3>Share This:<\/h3>\n\t\t\t\t\t\t\t<ul class=\"huge-it-share-buttons-list\">\t\t\n\t\t\t\t\t\t\t\t\n\t\t\t\t\t\t\t\t\t\t\t\t\t\t\t\t\t<li class=\" nobackground\" >\n\t\t\t\t\t\t\t\t\t\n\t\t\t\t\t\t\t\t\t\t\t\t\t\t\t\t\t\t\t\t\t<a id=\"backforunical1802\" href=\"https:\/\/www.facebook.com\/sharer\/sharer.php?m2w&u=http:\/\/ministerioaguadevida.net\/jovenes\/wp-json\/wp\/v2\/pages\/1802\"  onclick=\"javascript:void window.open('https:\/\/www.facebook.com\/sharer\/sharer.php?m2w&u=http:\/\/ministerioaguadevida.net\/jovenes\/wp-json\/wp\/v2\/pages\/1802','1410949501326','width=700,height=500,toolbar=0,menubar=0,location=0,status=1,scrollbars=1,resizable=1,left=0,top=0');return false;\" style=\"background-position: -0px -80px \"><\/a>\n\t\t\t\t\t\t\t\t\t<\/li>\n\t\t\t\t\t\t\t\t\t\t\t\t\t\t\t\t\t<li class=\" nobackground\" >\n\t\t\t\t\t\t\t\t\t\n\t\t\t\t\t\t\t\t\t\t\t\t\t\t\t\t\t\t\t\t\t<a id=\"backforunical1802\" href=\"https:\/\/twitter.com\/share?status=http:\/\/ministerioaguadevida.net\/jovenes\/wp-json\/wp\/v2\/pages\/1802&text=Lagrimas Benditas\"  onclick=\"javascript:void window.open('https:\/\/twitter.com\/share?status=http:\/\/ministerioaguadevida.net\/jovenes\/wp-json\/wp\/v2\/pages\/1802&text=Lagrimas Benditas','1410949501326','width=700,height=500,toolbar=0,menubar=0,location=0,status=1,scrollbars=1,resizable=1,left=0,top=0');return false;\" style=\"background-position: -20px -80px \"><\/a>\n\t\t\t\t\t\t\t\t\t<\/li>\n\t\t\t\t\t\t\t\t\t\t\t\t\t\t\t\t\t<li class=\"none nobackground\" >\n\t\t\t\t\t\t\t\t\t\n\t\t\t\t\t\t\t\t\t\t\t\t\t\t\t\t\t\t\t\t\t<a id=\"backforunical1802\" href=\"http:\/\/www.pinterest.com\/pin\/create\/button\/?url=http:\/\/ministerioaguadevida.net\/jovenes\/wp-json\/wp\/v2\/pages\/1802&media=http:\/\/ministerioaguadevida.net\/jovenes\/wp-content\/plugins\/wp-share-buttons\/Front_end\/..\/images\/noimage.png&description=Lagrimas Benditas\"  onclick=\"javascript:void window.open('http:\/\/www.pinterest.com\/pin\/create\/button\/?url=http:\/\/ministerioaguadevida.net\/jovenes\/wp-json\/wp\/v2\/pages\/1802&media=http:\/\/ministerioaguadevida.net\/jovenes\/wp-content\/plugins\/wp-share-buttons\/Front_end\/..\/images\/noimage.png&description=Lagrimas Benditas','1410949501326','width=700,height=500,toolbar=0,menubar=0,location=0,status=1,scrollbars=1,resizable=1,left=0,top=0');return false;\" style=\"background-position: -40px -80px \"><\/a>\n\t\t\t\t\t\t\t\t\t<\/li>\n\t\t\t\t\t\t\t\t\t\t\t\t\t\t\t\t\t<li class=\" nobackground\" >\n\t\t\t\t\t\t\t\t\t\n\t\t\t\t\t\t\t\t\t\t\t\t\t\t\t\t\t\t\t\t\t<a id=\"backforunical1802\" href=\"https:\/\/plus.google.com\/share?url=http:\/\/ministerioaguadevida.net\/jovenes\/wp-json\/wp\/v2\/pages\/1802\"  onclick=\"javascript:void window.open('https:\/\/plus.google.com\/share?url=http:\/\/ministerioaguadevida.net\/jovenes\/wp-json\/wp\/v2\/pages\/1802','1410949501326','width=700,height=500,toolbar=0,menubar=0,location=0,status=1,scrollbars=1,resizable=1,left=0,top=0');return false;\" style=\"background-position: -60px -80px \"><\/a>\n\t\t\t\t\t\t\t\t\t<\/li>\n\t\t\t\t\t\t\t\t\t\t\t\t\t\t\t\t\t<li class=\"none nobackground\" >\n\t\t\t\t\t\t\t\t\t\n\t\t\t\t\t\t\t\t\t\t\t\t\t\t\t\t\t\t\t\t\t<a id=\"backforunical1802\" href=\"https:\/\/www.linkedin.com\/shareArticle?title=Lagrimas Benditas&mini=true&url=http:\/\/ministerioaguadevida.net\/jovenes\/wp-json\/wp\/v2\/pages\/1802\"  onclick=\"javascript:void window.open('https:\/\/www.linkedin.com\/shareArticle?title=Lagrimas Benditas&mini=true&url=http:\/\/ministerioaguadevida.net\/jovenes\/wp-json\/wp\/v2\/pages\/1802','1410949501326','width=700,height=500,toolbar=0,menubar=0,location=0,status=1,scrollbars=1,resizable=1,left=0,top=0');return false;\" style=\"background-position: -80px -80px \"><\/a>\n\t\t\t\t\t\t\t\t\t<\/li>\n\t\t\t\t\t\t\t\t\t\t\t\t\t\t\t\t\t<li class=\"none nobackground\" >\n\t\t\t\t\t\t\t\t\t\n\t\t\t\t\t\t\t\t\t\t\t\t\t\t\t\t\t\t\t\t\t<a id=\"backforunical1802\" href=\"https:\/\/www.tumblr.com\/share\/link?url=http:\/\/ministerioaguadevida.net\/jovenes\/wp-json\/wp\/v2\/pages\/1802&name=Lagrimas Benditas\"  onclick=\"javascript:void window.open('https:\/\/www.tumblr.com\/share\/link?url=http:\/\/ministerioaguadevida.net\/jovenes\/wp-json\/wp\/v2\/pages\/1802&name=Lagrimas Benditas','1410949501326','width=700,height=500,toolbar=0,menubar=0,location=0,status=1,scrollbars=1,resizable=1,left=0,top=0');return false;\" style=\"background-position: -100px -80px \"><\/a>\n\t\t\t\t\t\t\t\t\t<\/li>\n\t\t\t\t\t\t\t\t\t\t\t\t\t\t\t\t\t<li class=\"none nobackground\" >\n\t\t\t\t\t\t\t\t\t\n\t\t\t\t\t\t\t\t\t\t\t\t\t\t\t\t\t\t\t\t\t<a id=\"backforunical1802\" href=\"http:\/\/digg.com\/submit?phase=2&url=http:\/\/ministerioaguadevida.net\/jovenes\/wp-json\/wp\/v2\/pages\/1802&title=Lagrimas Benditas\"  onclick=\"javascript:void window.open('http:\/\/digg.com\/submit?phase=2&url=http:\/\/ministerioaguadevida.net\/jovenes\/wp-json\/wp\/v2\/pages\/1802&title=Lagrimas Benditas','1410949501326','width=700,height=500,toolbar=0,menubar=0,location=0,status=1,scrollbars=1,resizable=1,left=0,top=0');return false;\" style=\"background-position: -120px -80px \"><\/a>\n\t\t\t\t\t\t\t\t\t<\/li>\n\t\t\t\t\t\t\t\t\t\t\t\t\t\t\t\t\t<li class=\"none nobackground\" >\n\t\t\t\t\t\t\t\t\t\n\t\t\t\t\t\t\t\t\t\t\t\t\t\t\t\t\t\t\t\t\t<a id=\"backforunical1802\" href=\"http:\/\/www.stumbleupon.com\/submit?url=http:\/\/ministerioaguadevida.net\/jovenes\/wp-json\/wp\/v2\/pages\/1802&title=Lagrimas Benditas\"  onclick=\"javascript:void window.open('http:\/\/www.stumbleupon.com\/submit?url=http:\/\/ministerioaguadevida.net\/jovenes\/wp-json\/wp\/v2\/pages\/1802&title=Lagrimas Benditas','1410949501326','width=700,height=500,toolbar=0,menubar=0,location=0,status=1,scrollbars=1,resizable=1,left=0,top=0');return false;\" style=\"background-position: -140px -80px \"><\/a>\n\t\t\t\t\t\t\t\t\t<\/li>\n\t\t\t\t\t\t\t\t\t\t\t\t\t\t\t\t\t<li class=\"none nobackground\" >\n\t\t\t\t\t\t\t\t\t\n\t\t\t\t\t\t\t\t\t\t\t\t\t\t\t\t\t\t\t\t\t<a id=\"backforunical1802\" href=\"https:\/\/myspace.com\/post?l=3&u=http:\/\/ministerioaguadevida.net\/jovenes\/wp-json\/wp\/v2\/pages\/1802\"  onclick=\"javascript:void window.open('https:\/\/myspace.com\/post?l=3&u=http:\/\/ministerioaguadevida.net\/jovenes\/wp-json\/wp\/v2\/pages\/1802','1410949501326','width=700,height=500,toolbar=0,menubar=0,location=0,status=1,scrollbars=1,resizable=1,left=0,top=0');return false;\" style=\"background-position: -160px -80px \"><\/a>\n\t\t\t\t\t\t\t\t\t<\/li>\n\t\t\t\t\t\t\t\t\t\t\t\t\t\t\t\t\t<li class=\"none nobackground\" >\n\t\t\t\t\t\t\t\t\t\n\t\t\t\t\t\t\t\t\t\t\t\t\t\t\t\t\t\t\t\t\t<a id=\"backforunical1802\" href=\"http:\/\/vk.com\/share.php?url=http:\/\/ministerioaguadevida.net\/jovenes\/wp-json\/wp\/v2\/pages\/1802&title=Lagrimas Benditas\"  onclick=\"javascript:void window.open('http:\/\/vk.com\/share.php?url=http:\/\/ministerioaguadevida.net\/jovenes\/wp-json\/wp\/v2\/pages\/1802&title=Lagrimas Benditas','1410949501326','width=700,height=500,toolbar=0,menubar=0,location=0,status=1,scrollbars=1,resizable=1,left=0,top=0');return false;\" style=\"background-position: -180px -80px \"><\/a>\n\t\t\t\t\t\t\t\t\t<\/li>\n\t\t\t\t\t\t\t\t\t\t\t\t\t\t\t\t\t<li class=\"none nobackground\" >\n\t\t\t\t\t\t\t\t\t\n\t\t\t\t\t\t\t\t\t\t\t\t\t\t\t\t\t\t\t\t\t<a id=\"backforunical1802\" href=\"http:\/\/www.reddit.com\/submit?url=http:\/\/ministerioaguadevida.net\/jovenes\/wp-json\/wp\/v2\/pages\/1802&title=Lagrimas Benditas\"  onclick=\"javascript:void window.open('http:\/\/www.reddit.com\/submit?url=http:\/\/ministerioaguadevida.net\/jovenes\/wp-json\/wp\/v2\/pages\/1802&title=Lagrimas Benditas','1410949501326','width=700,height=500,toolbar=0,menubar=0,location=0,status=1,scrollbars=1,resizable=1,left=0,top=0');return false;\" style=\"background-position: -200px -80px \"><\/a>\n\t\t\t\t\t\t\t\t\t<\/li>\n\t\t\t\t\t\t\t\t\t\t\t\t\t\t\t\t\t<li class=\"none nobackground\" >\n\t\t\t\t\t\t\t\t\t\n\t\t\t\t\t\t\t\t\t\t\t\t\t\t\t\t\t\t\t\t\t<a id=\"backforunical1802\" href=\"http:\/\/www.bebo.com\/c\/share?Url=http:\/\/ministerioaguadevida.net\/jovenes\/wp-json\/wp\/v2\/pages\/1802\"  onclick=\"javascript:void window.open('http:\/\/www.bebo.com\/c\/share?Url=http:\/\/ministerioaguadevida.net\/jovenes\/wp-json\/wp\/v2\/pages\/1802','1410949501326','width=700,height=500,toolbar=0,menubar=0,location=0,status=1,scrollbars=1,resizable=1,left=0,top=0');return false;\" style=\"background-position: -220px -80px \"><\/a>\n\t\t\t\t\t\t\t\t\t<\/li>\n\t\t\t\t\t\t\t\t\t\t\t\t\t\t\t\t\t<li class=\"none nobackground\" >\n\t\t\t\t\t\t\t\t\t\n\t\t\t\t\t\t\t\t\t\t\t\t\t\t\t\t\t\t\t\t\t<a id=\"backforunical1802\" href=\"https:\/\/delicious.com\/save?v=5&noui&jump=close&url=http:\/\/ministerioaguadevida.net\/jovenes\/wp-json\/wp\/v2\/pages\/1802&title=Lagrimas Benditas\"  onclick=\"javascript:void window.open('https:\/\/delicious.com\/save?v=5&noui&jump=close&url=http:\/\/ministerioaguadevida.net\/jovenes\/wp-json\/wp\/v2\/pages\/1802&title=Lagrimas Benditas','1410949501326','width=700,height=500,toolbar=0,menubar=0,location=0,status=1,scrollbars=1,resizable=1,left=0,top=0');return false;\" style=\"background-position: -240px -80px \"><\/a>\n\t\t\t\t\t\t\t\t\t<\/li>\n\t\t\t\t\t\t\t\t\t\t\t\t\t\t\t\t\t<li class=\"none nobackground\" >\n\t\t\t\t\t\t\t\t\t\n\t\t\t\t\t\t\t\t\t\t\t\t\t\t\t\t\t\t\t\t\t<a id=\"backforunical1802\" href=\"http:\/\/www.odnoklassniki.ru\/dk?st.cmd=addShare&st.s=2&st.noresize=on&st._surl=http:\/\/ministerioaguadevida.net\/jovenes\/wp-json\/wp\/v2\/pages\/1802\"  onclick=\"javascript:void window.open('http:\/\/www.odnoklassniki.ru\/dk?st.cmd=addShare&st.s=2&st.noresize=on&st._surl=http:\/\/ministerioaguadevida.net\/jovenes\/wp-json\/wp\/v2\/pages\/1802','1410949501326','width=700,height=500,toolbar=0,menubar=0,location=0,status=1,scrollbars=1,resizable=1,left=0,top=0');return false;\" style=\"background-position: -260px -80px \"><\/a>\n\t\t\t\t\t\t\t\t\t<\/li>\n\t\t\t\t\t\t\t\t\t\t\t\t\t\t\t\t\t<li class=\"none nobackground\" >\n\t\t\t\t\t\t\t\t\t\n\t\t\t\t\t\t\t\t\t\t\t\t\t\t\t\t\t\t\t\t\t<a id=\"backforunical1802\" href=\"http:\/\/sns.qzone.qq.com\/cgi-bin\/qzshare\/cgi_qzshare_onekey?url=http:\/\/ministerioaguadevida.net\/jovenes\/wp-json\/wp\/v2\/pages\/1802&title=Lagrimas Benditas\"  onclick=\"javascript:void window.open('http:\/\/sns.qzone.qq.com\/cgi-bin\/qzshare\/cgi_qzshare_onekey?url=http:\/\/ministerioaguadevida.net\/jovenes\/wp-json\/wp\/v2\/pages\/1802&title=Lagrimas Benditas','1410949501326','width=700,height=500,toolbar=0,menubar=0,location=0,status=1,scrollbars=1,resizable=1,left=0,top=0');return false;\" style=\"background-position: -280px -80px \"><\/a>\n\t\t\t\t\t\t\t\t\t<\/li>\n\t\t\t\t\t\t\t\t\t\t\t\t\t\t\t\t\t<li class=\"none nobackground\" >\n\t\t\t\t\t\t\t\t\t\n\t\t\t\t\t\t\t\t\t\t\t\t\t\t\t\t\t\t\t\t\t<a id=\"backforunical1802\" href=\"http:\/\/service.weibo.com\/share\/share.php?url=http:\/\/ministerioaguadevida.net\/jovenes\/wp-json\/wp\/v2\/pages\/1802&appkey=&title=Lagrimas Benditas&pic=&ralateUid=&\"  onclick=\"javascript:void window.open('http:\/\/service.weibo.com\/share\/share.php?url=http:\/\/ministerioaguadevida.net\/jovenes\/wp-json\/wp\/v2\/pages\/1802&appkey=&title=Lagrimas Benditas&pic=&ralateUid=&','1410949501326','width=700,height=500,toolbar=0,menubar=0,location=0,status=1,scrollbars=1,resizable=1,left=0,top=0');return false;\" style=\"background-position: -300px -80px \"><\/a>\n\t\t\t\t\t\t\t\t\t<\/li>\n\t\t\t\t\t\t\t\t\t\t\t\t\t\t\t\t\t<li class=\"none nobackground\" >\n\t\t\t\t\t\t\t\t\t\n\t\t\t\t\t\t\t\t\t\t\t\t\t\t\t\t\t\t\t\t\t<a id=\"backforunical1802\" href=\"http:\/\/widget.renren.com\/dialog\/share?resourceUrl=http:\/\/ministerioaguadevida.net\/jovenes\/wp-json\/wp\/v2\/pages\/1802&srcUrl=http:\/\/ministerioaguadevida.net\/jovenes\/wp-json\/wp\/v2\/pages\/1802&title=Lagrimas Benditas\"  onclick=\"javascript:void window.open('http:\/\/widget.renren.com\/dialog\/share?resourceUrl=http:\/\/ministerioaguadevida.net\/jovenes\/wp-json\/wp\/v2\/pages\/1802&srcUrl=http:\/\/ministerioaguadevida.net\/jovenes\/wp-json\/wp\/v2\/pages\/1802&title=Lagrimas Benditas','1410949501326','width=700,height=500,toolbar=0,menubar=0,location=0,status=1,scrollbars=1,resizable=1,left=0,top=0');return false;\" style=\"background-position: -320px -80px \"><\/a>\n\t\t\t\t\t\t\t\t\t<\/li>\n\t\t\t\t\t\t\t\t\t\t\t\t\t\t\t\t\t<li class=\"none nobackground\" >\n\t\t\t\t\t\t\t\t\t\n\t\t\t\t\t\t\t\t\t\t\t\t\t\t\t\t\t\t\t\t\t<a id=\"backforunical1802\" href=\"http:\/\/n4g.com\/tips?url=http:\/\/ministerioaguadevida.net\/jovenes\/wp-json\/wp\/v2\/pages\/1802&title=Lagrimas Benditas\"  onclick=\"javascript:void window.open('http:\/\/n4g.com\/tips?url=http:\/\/ministerioaguadevida.net\/jovenes\/wp-json\/wp\/v2\/pages\/1802&title=Lagrimas Benditas','1410949501326','width=700,height=500,toolbar=0,menubar=0,location=0,status=1,scrollbars=1,resizable=1,left=0,top=0');return false;\" style=\"background-position: -340px -80px \"><\/a>\n\t\t\t\t\t\t\t\t\t<\/li>\n\t\t\t\t\t\t\t\t\t\t\t\t\t\t\t<\/ul>\n\t\t\t\t\t\t\n\t\t\t\t\t\t\t<div class=\"clear\"><\/div>\n\t\t\t\t\t\t<\/div>\n\n\t\n\t\n\n\t","protected":false},"excerpt":{"rendered":"<p>Buenos d\u00edas a todos Les comparto el devocional del d\u00eda de hoy NTV Es mejor el llanto que la risa, [&hellip;]<\/p>\n","protected":false},"author":1,"featured_media":0,"parent":0,"menu_order":0,"comment_status":"closed","ping_status":"closed","template":"","meta":[],"_links":{"self":[{"href":"http:\/\/ministerioaguadevida.net\/jovenes\/wp-json\/wp\/v2\/pages\/1802"}],"collection":[{"href":"http:\/\/ministerioaguadevida.net\/jovenes\/wp-json\/wp\/v2\/pages"}],"about":[{"href":"http:\/\/ministerioaguadevida.net\/jovenes\/wp-json\/wp\/v2\/types\/page"}],"author":[{"embeddable":true,"href":"http:\/\/ministerioaguadevida.net\/jovenes\/wp-json\/wp\/v2\/users\/1"}],"replies":[{"embeddable":true,"href":"http:\/\/ministerioaguadevida.net\/jovenes\/wp-json\/wp\/v2\/comments?post=1802"}],"version-history":[{"count":1,"href":"http:\/\/ministerioaguadevida.net\/jovenes\/wp-json\/wp\/v2\/pages\/1802\/revisions"}],"predecessor-version":[{"id":1804,"href":"http:\/\/ministerioaguadevida.net\/jovenes\/wp-json\/wp\/v2\/pages\/1802\/revisions\/1804"}],"wp:attachment":[{"href":"http:\/\/ministerioaguadevida.net\/jovenes\/wp-json\/wp\/v2\/media?parent=1802"}],"curies":[{"name":"wp","href":"https:\/\/api.w.org\/{rel}","templated":true}]}}