{"id":43,"date":"2014-01-26T20:07:24","date_gmt":"2014-01-26T20:07:24","guid":{"rendered":"http:\/\/ministerioaguadevida.net\/jovenes\/?page_id=43"},"modified":"2014-02-11T02:59:58","modified_gmt":"2014-02-11T02:59:58","slug":"nosotros","status":"publish","type":"page","link":"http:\/\/ministerioaguadevida.net\/jovenes\/nosotros\/","title":{"rendered":"NOSOTROS"},"content":{"rendered":"<p dir=\"ltr\"><strong>Introducci\u00f3n<\/strong><\/p>\n<p dir=\"ltr\">Durante los \u00faltimos tiempos el mundo ha sufrido cambios muy dr\u00e1sticos; La tecnolog\u00eda, la inmoralidad, el libertinaje, la violencia, la pobreza, etc. Han hecho que nuestra juventud actual se vea atacada constantemente por un sinn\u00famero de artima\u00f1as, utilizadas por el diablo para menospreciar a la juventud y envolverla en una burbuja de soledad, amargura, odio y sobre todo de desprecio hacia un verdadero encuentro con DIOS.<\/p>\n<p dir=\"ltr\">Es por eso que este ministerio fue creado. A \u00a0trav\u00e9s de art\u00edculos, videos y muchos otros recursos que hoy en d\u00eda tenemos a nuestro alcance, compartimos el evangelio buscando guiar a las personas en su caminar con Cristo transmitiendo un mensaje de esperanza y salvaci\u00f3n \u00a0y llevandolas a relacionarse con DIOS.<\/p>\n<p dir=\"ltr\">Toda persona necesita saber que hay un DIOS que le ama que muri\u00f3 por nuestro pecados y al tercer d\u00eda resucit\u00f3 d\u00e1ndonos as\u00ed la victoria.<\/p>\n<p dir=\"ltr\">Para nosotros es un gusto poder compartir nuestra experiencia con DIOS y as\u00ed motivar a nuestros lectores y a cada persona que nos escucha a buscar cada d\u00eda m\u00e1s a ese DIOS verdadero, a desarrollar sus dones y a servir en un ministerio que lleve fruto y bendiga a otros.<\/p>\n<p dir=\"ltr\">\u00bfQui\u00e9nes somos?<\/p>\n<p dir=\"ltr\">Somos un ministerio Juvenil cristiano creado para compartir el evangelio y dar a conocer el nombre de Jesucristo alrededor del mundo.<\/p>\n<p dir=\"ltr\"><strong>Misi\u00f3n<\/strong><\/p>\n<p dir=\"ltr\">El ministerio Juvenil Agua de Vida cree firmemente en que es posible levantar una generaci\u00f3n de J\u00f3venes que no se dejen llevar por las corrientes de este mundo,J\u00f3venes que experimenten la presencia de Dios y le amen y sirvan a \u00c9l de todo coraz\u00f3n.<\/p>\n<p dir=\"ltr\">Para ello compartimos el evangelio de Jesucristo y llevamos un proceso de formaci\u00f3n en los J\u00f3venes, bas\u00e1ndonos en su palabra y El poder de su Esp\u00edritu Santo presentamos el evangelio a las personas a trav\u00e9s de:<\/p>\n<ul>\n<li dir=\"ltr\">\n<p dir=\"ltr\">Un Ministerio Juvenil apto y guiado por el Esp\u00edritu Santo.<\/p>\n<\/li>\n<li dir=\"ltr\">\n<p dir=\"ltr\">Estrategias de Evangelizaci\u00f3n y eventos masivos.<\/p>\n<\/li>\n<li dir=\"ltr\">\n<p dir=\"ltr\">Grupos Musicales que adoren a Dios con diferentes estilos.<\/p>\n<\/li>\n<li dir=\"ltr\">\n<p dir=\"ltr\">Art\u00edculos publicados en internet que aborden temas de inter\u00e9s sin dejar a un lado el fundamento B\u00edblico.<\/p>\n<\/li>\n<li dir=\"ltr\">\n<p dir=\"ltr\">Medios impresos tales como tratados y folletos orientados hacia los J\u00f3venes.<\/p>\n<\/li>\n<\/ul>\n<p dir=\"ltr\"><strong>Visi\u00f3n<\/strong><\/p>\n<p dir=\"ltr\">En el a\u00f1o 2016 El ministerio Juvenil Agua de Vida ser\u00e1 conocido por:<\/p>\n<ul>\n<li dir=\"ltr\">\n<p dir=\"ltr\">Ser un ministerio que forma J\u00f3venes bas\u00e1ndose en el mover del Esp\u00edritu Santo y la palabra de Dios.<\/p>\n<\/li>\n<li dir=\"ltr\">\n<p dir=\"ltr\">Haber ganado y afirmado cientos de J\u00f3venes para la obra de Jesucristo.<\/p>\n<\/li>\n<li dir=\"ltr\">\n<p dir=\"ltr\">Publicar Art\u00edculos, tratados, talleres de formaci\u00f3n y discipulado \u00fatiles para otros ministerios de Juveniles.<\/p>\n<\/li>\n<li dir=\"ltr\">\n<p dir=\"ltr\">La fuerte presencia de Dios en sus servicios para J\u00f3venes.<\/p>\n<\/li>\n<li dir=\"ltr\">\n<p dir=\"ltr\">Un ministerio de adoradores que promueven el mover del Esp\u00edritu Santo a trav\u00e9s de una muy buena calidad musical.<\/p>\n<\/li>\n<li dir=\"ltr\">\n<p dir=\"ltr\">Crear un grupo de teatro con bases firmes, lleno del esp\u00edritu santo y con la capacidad de transmitir siempre el mensaje de salvaci\u00f3n a las diferentes poblaciones del sector<\/p>\n<\/li>\n<li dir=\"ltr\">\n<p dir=\"ltr\">lograr fortalecer y afianzar las relaciones interpersonales, entre los actuales integrantes y los nuevos miembros del Ministerio Juvenil, donde se establezcan bases de respeto, compa\u00f1erismo,solidaridad, tolerancia, buena comunicaci\u00f3n y sobretodo un compromiso con Dios, el Ministerio y sus integrantes.<\/p>\n<\/li>\n<\/ul>\n<p style=\"text-align: center;\">\u00a0 <a href=\"http:\/\/www.web-stat.com\"><img loading=\"lazy\" style=\"border-style: initial; border-color: initial; border-width: 0px;\" alt=\"web tracking\" src=\"http:\/\/server3.web-stat.com\/2\/al123018.gif\" width=\"1\" height=\"1\" border=\"0\" \/><\/a><\/p>\n\t\t\t\t\t\t\t<style>\n\t\t\t\t\t\t\t\t\t\t\t\t\t\t.huge-it-share-buttons {\n\t\t\t\t\t\t\t\tborder:0px solid #0FB5D6;\n\t\t\t\t\t\t\t\tborder-radius:5px;\n\t\t\t\t\t\t\t\t\n\t\t\t\t\t\t\t\t\n\t\t\t\t\t\t\t\t text-align:left; \t\t\t\t\t\t\t\t\t\t\t\t\t\t\t\t\t\t\t\t\t\t\t}\n\t\t\t\t\t\t\t\n\t\t\t\t\t\t\t#huge-it-share-buttons-top {margin-bottom:0px;}\n\t\t\t\t\t\t\t#huge-it-share-buttons-bottom {margin-top:0px;}\n\t\t\t\t\t\t\t\n\t\t\t\t\t\t\t.huge-it-share-buttons h3 {\n\t\t\t\t\t\t\t\tfont-size:25px ;\n\t\t\t\t\t\t\t\tfont-family:Arial,Helvetica Neue,Helvetica,sans-serif;\n\t\t\t\t\t\t\t\tcolor:#666666;\n\t\t\t\t\t\t\t\t\n\t\t\t\t\t\t\t\tdisplay:block;\t\t\t\t\t\t\t\tline-height:25px ;\n\t\t\t\t\t\t\t\t\n\t\t\t\t\t\t\t\t text-align:left; \t\t\t\t\t\t\t\t\t\t\t\t\t\t\t\t\t\t\t\t\t\t\t}\n\t\t\t\t\t\t\t\n\t\t\t\t\t\t\t\n\t\t\t\t\t\t\t.huge-it-share-buttons ul {\t\n\t\t\t\t\t\t\t\t float:left; \t\t\t\t\t\t\t\t\t\t\t\t\t\t\t\t\t\t\t\t\t\t\t}\n\t\t\t\t\t\t\t\n\t\t\t\t\t\t\t.huge-it-share-buttons ul li {\n\t\t\t\t\t\t\t\tmargin-left:3px !important;\n\t\t\t\t\t\t\t\tmargin-right:3px !important;\n\t\t\t\t\t\t\t\tpadding:0px;\n\t\t\t\t\t\t\t\tborder:0px ridge #E6354C;\n\t\t\t\t\t\t\t\tborder-radius:11px;\n\t\t\t\t\t\t\t\tbackground-color:#14CC9B;\n\t\t\t\t\t\t\t\twidth:auto !important;\n\t\t\t\t\t\t\t}\n\t\t\t\t\t\t\t\n\t\t\t\t\t\t\t.huge-it-share-buttons ul li #backforunical43 {\n\t\t\t\t\t\t\t\tbackground-image:url('http:\/\/ministerioaguadevida.net\/jovenes\/wp-content\/plugins\/wp-share-buttons\/Front_end\/..\/images\/buttons.20.png');\n\t\t\t\t\t\t\t\twidth:20px;\n\t\t\t\t\t\t\t\theight:20px;\n\t\t\t\t\t\t\t}\n\t\t\t\t\t\t<\/style>\n\t\t\t\t\t\t\t\t\t\t\t\t<div id=\"huge-it-share-buttons-top\" class=\"huge-it-share-buttons nobackground\">\n\t\t\t\t\t\t\t<h3>Share This:<\/h3>\n\t\t\t\t\t\t\t<ul class=\"huge-it-share-buttons-list\">\t\t\n\t\t\t\t\t\t\t\t\n\t\t\t\t\t\t\t\t\t\t\t\t\t\t\t\t\t<li class=\" nobackground\" >\n\t\t\t\t\t\t\t\t\t\n\t\t\t\t\t\t\t\t\t\t\t\t\t\t\t\t\t\t\t\t\t<a id=\"backforunical43\" href=\"https:\/\/www.facebook.com\/sharer\/sharer.php?m2w&u=http:\/\/ministerioaguadevida.net\/jovenes\/wp-json\/wp\/v2\/pages\/43\"  onclick=\"javascript:void window.open('https:\/\/www.facebook.com\/sharer\/sharer.php?m2w&u=http:\/\/ministerioaguadevida.net\/jovenes\/wp-json\/wp\/v2\/pages\/43','1410949501326','width=700,height=500,toolbar=0,menubar=0,location=0,status=1,scrollbars=1,resizable=1,left=0,top=0');return false;\" style=\"background-position: -0px -80px \"><\/a>\n\t\t\t\t\t\t\t\t\t<\/li>\n\t\t\t\t\t\t\t\t\t\t\t\t\t\t\t\t\t<li class=\" nobackground\" >\n\t\t\t\t\t\t\t\t\t\n\t\t\t\t\t\t\t\t\t\t\t\t\t\t\t\t\t\t\t\t\t<a id=\"backforunical43\" href=\"https:\/\/twitter.com\/share?status=http:\/\/ministerioaguadevida.net\/jovenes\/wp-json\/wp\/v2\/pages\/43&text=NOSOTROS\"  onclick=\"javascript:void window.open('https:\/\/twitter.com\/share?status=http:\/\/ministerioaguadevida.net\/jovenes\/wp-json\/wp\/v2\/pages\/43&text=NOSOTROS','1410949501326','width=700,height=500,toolbar=0,menubar=0,location=0,status=1,scrollbars=1,resizable=1,left=0,top=0');return false;\" style=\"background-position: -20px -80px \"><\/a>\n\t\t\t\t\t\t\t\t\t<\/li>\n\t\t\t\t\t\t\t\t\t\t\t\t\t\t\t\t\t<li class=\"none nobackground\" >\n\t\t\t\t\t\t\t\t\t\n\t\t\t\t\t\t\t\t\t\t\t\t\t\t\t\t\t\t\t\t\t<a id=\"backforunical43\" href=\"http:\/\/www.pinterest.com\/pin\/create\/button\/?url=http:\/\/ministerioaguadevida.net\/jovenes\/wp-json\/wp\/v2\/pages\/43&media=http:\/\/ministerioaguadevida.net\/jovenes\/wp-content\/plugins\/wp-share-buttons\/Front_end\/..\/images\/noimage.png&description=NOSOTROS\"  onclick=\"javascript:void window.open('http:\/\/www.pinterest.com\/pin\/create\/button\/?url=http:\/\/ministerioaguadevida.net\/jovenes\/wp-json\/wp\/v2\/pages\/43&media=http:\/\/ministerioaguadevida.net\/jovenes\/wp-content\/plugins\/wp-share-buttons\/Front_end\/..\/images\/noimage.png&description=NOSOTROS','1410949501326','width=700,height=500,toolbar=0,menubar=0,location=0,status=1,scrollbars=1,resizable=1,left=0,top=0');return false;\" style=\"background-position: -40px -80px \"><\/a>\n\t\t\t\t\t\t\t\t\t<\/li>\n\t\t\t\t\t\t\t\t\t\t\t\t\t\t\t\t\t<li class=\" nobackground\" >\n\t\t\t\t\t\t\t\t\t\n\t\t\t\t\t\t\t\t\t\t\t\t\t\t\t\t\t\t\t\t\t<a id=\"backforunical43\" href=\"https:\/\/plus.google.com\/share?url=http:\/\/ministerioaguadevida.net\/jovenes\/wp-json\/wp\/v2\/pages\/43\"  onclick=\"javascript:void window.open('https:\/\/plus.google.com\/share?url=http:\/\/ministerioaguadevida.net\/jovenes\/wp-json\/wp\/v2\/pages\/43','1410949501326','width=700,height=500,toolbar=0,menubar=0,location=0,status=1,scrollbars=1,resizable=1,left=0,top=0');return false;\" style=\"background-position: -60px -80px \"><\/a>\n\t\t\t\t\t\t\t\t\t<\/li>\n\t\t\t\t\t\t\t\t\t\t\t\t\t\t\t\t\t<li class=\"none nobackground\" >\n\t\t\t\t\t\t\t\t\t\n\t\t\t\t\t\t\t\t\t\t\t\t\t\t\t\t\t\t\t\t\t<a id=\"backforunical43\" href=\"https:\/\/www.linkedin.com\/shareArticle?title=NOSOTROS&mini=true&url=http:\/\/ministerioaguadevida.net\/jovenes\/wp-json\/wp\/v2\/pages\/43\"  onclick=\"javascript:void window.open('https:\/\/www.linkedin.com\/shareArticle?title=NOSOTROS&mini=true&url=http:\/\/ministerioaguadevida.net\/jovenes\/wp-json\/wp\/v2\/pages\/43','1410949501326','width=700,height=500,toolbar=0,menubar=0,location=0,status=1,scrollbars=1,resizable=1,left=0,top=0');return false;\" style=\"background-position: -80px -80px \"><\/a>\n\t\t\t\t\t\t\t\t\t<\/li>\n\t\t\t\t\t\t\t\t\t\t\t\t\t\t\t\t\t<li class=\"none nobackground\" >\n\t\t\t\t\t\t\t\t\t\n\t\t\t\t\t\t\t\t\t\t\t\t\t\t\t\t\t\t\t\t\t<a id=\"backforunical43\" href=\"https:\/\/www.tumblr.com\/share\/link?url=http:\/\/ministerioaguadevida.net\/jovenes\/wp-json\/wp\/v2\/pages\/43&name=NOSOTROS\"  onclick=\"javascript:void window.open('https:\/\/www.tumblr.com\/share\/link?url=http:\/\/ministerioaguadevida.net\/jovenes\/wp-json\/wp\/v2\/pages\/43&name=NOSOTROS','1410949501326','width=700,height=500,toolbar=0,menubar=0,location=0,status=1,scrollbars=1,resizable=1,left=0,top=0');return false;\" style=\"background-position: -100px -80px \"><\/a>\n\t\t\t\t\t\t\t\t\t<\/li>\n\t\t\t\t\t\t\t\t\t\t\t\t\t\t\t\t\t<li class=\"none nobackground\" >\n\t\t\t\t\t\t\t\t\t\n\t\t\t\t\t\t\t\t\t\t\t\t\t\t\t\t\t\t\t\t\t<a id=\"backforunical43\" href=\"http:\/\/digg.com\/submit?phase=2&url=http:\/\/ministerioaguadevida.net\/jovenes\/wp-json\/wp\/v2\/pages\/43&title=NOSOTROS\"  onclick=\"javascript:void window.open('http:\/\/digg.com\/submit?phase=2&url=http:\/\/ministerioaguadevida.net\/jovenes\/wp-json\/wp\/v2\/pages\/43&title=NOSOTROS','1410949501326','width=700,height=500,toolbar=0,menubar=0,location=0,status=1,scrollbars=1,resizable=1,left=0,top=0');return false;\" style=\"background-position: -120px -80px \"><\/a>\n\t\t\t\t\t\t\t\t\t<\/li>\n\t\t\t\t\t\t\t\t\t\t\t\t\t\t\t\t\t<li class=\"none nobackground\" >\n\t\t\t\t\t\t\t\t\t\n\t\t\t\t\t\t\t\t\t\t\t\t\t\t\t\t\t\t\t\t\t<a id=\"backforunical43\" href=\"http:\/\/www.stumbleupon.com\/submit?url=http:\/\/ministerioaguadevida.net\/jovenes\/wp-json\/wp\/v2\/pages\/43&title=NOSOTROS\"  onclick=\"javascript:void window.open('http:\/\/www.stumbleupon.com\/submit?url=http:\/\/ministerioaguadevida.net\/jovenes\/wp-json\/wp\/v2\/pages\/43&title=NOSOTROS','1410949501326','width=700,height=500,toolbar=0,menubar=0,location=0,status=1,scrollbars=1,resizable=1,left=0,top=0');return false;\" style=\"background-position: -140px -80px \"><\/a>\n\t\t\t\t\t\t\t\t\t<\/li>\n\t\t\t\t\t\t\t\t\t\t\t\t\t\t\t\t\t<li class=\"none nobackground\" >\n\t\t\t\t\t\t\t\t\t\n\t\t\t\t\t\t\t\t\t\t\t\t\t\t\t\t\t\t\t\t\t<a id=\"backforunical43\" href=\"https:\/\/myspace.com\/post?l=3&u=http:\/\/ministerioaguadevida.net\/jovenes\/wp-json\/wp\/v2\/pages\/43\"  onclick=\"javascript:void window.open('https:\/\/myspace.com\/post?l=3&u=http:\/\/ministerioaguadevida.net\/jovenes\/wp-json\/wp\/v2\/pages\/43','1410949501326','width=700,height=500,toolbar=0,menubar=0,location=0,status=1,scrollbars=1,resizable=1,left=0,top=0');return false;\" style=\"background-position: -160px -80px \"><\/a>\n\t\t\t\t\t\t\t\t\t<\/li>\n\t\t\t\t\t\t\t\t\t\t\t\t\t\t\t\t\t<li class=\"none nobackground\" >\n\t\t\t\t\t\t\t\t\t\n\t\t\t\t\t\t\t\t\t\t\t\t\t\t\t\t\t\t\t\t\t<a id=\"backforunical43\" href=\"http:\/\/vk.com\/share.php?url=http:\/\/ministerioaguadevida.net\/jovenes\/wp-json\/wp\/v2\/pages\/43&title=NOSOTROS\"  onclick=\"javascript:void window.open('http:\/\/vk.com\/share.php?url=http:\/\/ministerioaguadevida.net\/jovenes\/wp-json\/wp\/v2\/pages\/43&title=NOSOTROS','1410949501326','width=700,height=500,toolbar=0,menubar=0,location=0,status=1,scrollbars=1,resizable=1,left=0,top=0');return false;\" style=\"background-position: -180px -80px \"><\/a>\n\t\t\t\t\t\t\t\t\t<\/li>\n\t\t\t\t\t\t\t\t\t\t\t\t\t\t\t\t\t<li class=\"none nobackground\" >\n\t\t\t\t\t\t\t\t\t\n\t\t\t\t\t\t\t\t\t\t\t\t\t\t\t\t\t\t\t\t\t<a id=\"backforunical43\" href=\"http:\/\/www.reddit.com\/submit?url=http:\/\/ministerioaguadevida.net\/jovenes\/wp-json\/wp\/v2\/pages\/43&title=NOSOTROS\"  onclick=\"javascript:void window.open('http:\/\/www.reddit.com\/submit?url=http:\/\/ministerioaguadevida.net\/jovenes\/wp-json\/wp\/v2\/pages\/43&title=NOSOTROS','1410949501326','width=700,height=500,toolbar=0,menubar=0,location=0,status=1,scrollbars=1,resizable=1,left=0,top=0');return false;\" style=\"background-position: -200px -80px \"><\/a>\n\t\t\t\t\t\t\t\t\t<\/li>\n\t\t\t\t\t\t\t\t\t\t\t\t\t\t\t\t\t<li class=\"none nobackground\" >\n\t\t\t\t\t\t\t\t\t\n\t\t\t\t\t\t\t\t\t\t\t\t\t\t\t\t\t\t\t\t\t<a id=\"backforunical43\" href=\"http:\/\/www.bebo.com\/c\/share?Url=http:\/\/ministerioaguadevida.net\/jovenes\/wp-json\/wp\/v2\/pages\/43\"  onclick=\"javascript:void window.open('http:\/\/www.bebo.com\/c\/share?Url=http:\/\/ministerioaguadevida.net\/jovenes\/wp-json\/wp\/v2\/pages\/43','1410949501326','width=700,height=500,toolbar=0,menubar=0,location=0,status=1,scrollbars=1,resizable=1,left=0,top=0');return false;\" style=\"background-position: -220px -80px \"><\/a>\n\t\t\t\t\t\t\t\t\t<\/li>\n\t\t\t\t\t\t\t\t\t\t\t\t\t\t\t\t\t<li class=\"none nobackground\" >\n\t\t\t\t\t\t\t\t\t\n\t\t\t\t\t\t\t\t\t\t\t\t\t\t\t\t\t\t\t\t\t<a id=\"backforunical43\" href=\"https:\/\/delicious.com\/save?v=5&noui&jump=close&url=http:\/\/ministerioaguadevida.net\/jovenes\/wp-json\/wp\/v2\/pages\/43&title=NOSOTROS\"  onclick=\"javascript:void window.open('https:\/\/delicious.com\/save?v=5&noui&jump=close&url=http:\/\/ministerioaguadevida.net\/jovenes\/wp-json\/wp\/v2\/pages\/43&title=NOSOTROS','1410949501326','width=700,height=500,toolbar=0,menubar=0,location=0,status=1,scrollbars=1,resizable=1,left=0,top=0');return false;\" style=\"background-position: -240px -80px \"><\/a>\n\t\t\t\t\t\t\t\t\t<\/li>\n\t\t\t\t\t\t\t\t\t\t\t\t\t\t\t\t\t<li class=\"none nobackground\" >\n\t\t\t\t\t\t\t\t\t\n\t\t\t\t\t\t\t\t\t\t\t\t\t\t\t\t\t\t\t\t\t<a id=\"backforunical43\" href=\"http:\/\/www.odnoklassniki.ru\/dk?st.cmd=addShare&st.s=2&st.noresize=on&st._surl=http:\/\/ministerioaguadevida.net\/jovenes\/wp-json\/wp\/v2\/pages\/43\"  onclick=\"javascript:void window.open('http:\/\/www.odnoklassniki.ru\/dk?st.cmd=addShare&st.s=2&st.noresize=on&st._surl=http:\/\/ministerioaguadevida.net\/jovenes\/wp-json\/wp\/v2\/pages\/43','1410949501326','width=700,height=500,toolbar=0,menubar=0,location=0,status=1,scrollbars=1,resizable=1,left=0,top=0');return false;\" style=\"background-position: -260px -80px \"><\/a>\n\t\t\t\t\t\t\t\t\t<\/li>\n\t\t\t\t\t\t\t\t\t\t\t\t\t\t\t\t\t<li class=\"none nobackground\" >\n\t\t\t\t\t\t\t\t\t\n\t\t\t\t\t\t\t\t\t\t\t\t\t\t\t\t\t\t\t\t\t<a id=\"backforunical43\" href=\"http:\/\/sns.qzone.qq.com\/cgi-bin\/qzshare\/cgi_qzshare_onekey?url=http:\/\/ministerioaguadevida.net\/jovenes\/wp-json\/wp\/v2\/pages\/43&title=NOSOTROS\"  onclick=\"javascript:void window.open('http:\/\/sns.qzone.qq.com\/cgi-bin\/qzshare\/cgi_qzshare_onekey?url=http:\/\/ministerioaguadevida.net\/jovenes\/wp-json\/wp\/v2\/pages\/43&title=NOSOTROS','1410949501326','width=700,height=500,toolbar=0,menubar=0,location=0,status=1,scrollbars=1,resizable=1,left=0,top=0');return false;\" style=\"background-position: -280px -80px \"><\/a>\n\t\t\t\t\t\t\t\t\t<\/li>\n\t\t\t\t\t\t\t\t\t\t\t\t\t\t\t\t\t<li class=\"none nobackground\" >\n\t\t\t\t\t\t\t\t\t\n\t\t\t\t\t\t\t\t\t\t\t\t\t\t\t\t\t\t\t\t\t<a id=\"backforunical43\" href=\"http:\/\/service.weibo.com\/share\/share.php?url=http:\/\/ministerioaguadevida.net\/jovenes\/wp-json\/wp\/v2\/pages\/43&appkey=&title=NOSOTROS&pic=&ralateUid=&\"  onclick=\"javascript:void window.open('http:\/\/service.weibo.com\/share\/share.php?url=http:\/\/ministerioaguadevida.net\/jovenes\/wp-json\/wp\/v2\/pages\/43&appkey=&title=NOSOTROS&pic=&ralateUid=&','1410949501326','width=700,height=500,toolbar=0,menubar=0,location=0,status=1,scrollbars=1,resizable=1,left=0,top=0');return false;\" style=\"background-position: -300px -80px \"><\/a>\n\t\t\t\t\t\t\t\t\t<\/li>\n\t\t\t\t\t\t\t\t\t\t\t\t\t\t\t\t\t<li class=\"none nobackground\" >\n\t\t\t\t\t\t\t\t\t\n\t\t\t\t\t\t\t\t\t\t\t\t\t\t\t\t\t\t\t\t\t<a id=\"backforunical43\" href=\"http:\/\/widget.renren.com\/dialog\/share?resourceUrl=http:\/\/ministerioaguadevida.net\/jovenes\/wp-json\/wp\/v2\/pages\/43&srcUrl=http:\/\/ministerioaguadevida.net\/jovenes\/wp-json\/wp\/v2\/pages\/43&title=NOSOTROS\"  onclick=\"javascript:void window.open('http:\/\/widget.renren.com\/dialog\/share?resourceUrl=http:\/\/ministerioaguadevida.net\/jovenes\/wp-json\/wp\/v2\/pages\/43&srcUrl=http:\/\/ministerioaguadevida.net\/jovenes\/wp-json\/wp\/v2\/pages\/43&title=NOSOTROS','1410949501326','width=700,height=500,toolbar=0,menubar=0,location=0,status=1,scrollbars=1,resizable=1,left=0,top=0');return false;\" style=\"background-position: -320px -80px \"><\/a>\n\t\t\t\t\t\t\t\t\t<\/li>\n\t\t\t\t\t\t\t\t\t\t\t\t\t\t\t\t\t<li class=\"none nobackground\" >\n\t\t\t\t\t\t\t\t\t\n\t\t\t\t\t\t\t\t\t\t\t\t\t\t\t\t\t\t\t\t\t<a id=\"backforunical43\" href=\"http:\/\/n4g.com\/tips?url=http:\/\/ministerioaguadevida.net\/jovenes\/wp-json\/wp\/v2\/pages\/43&title=NOSOTROS\"  onclick=\"javascript:void window.open('http:\/\/n4g.com\/tips?url=http:\/\/ministerioaguadevida.net\/jovenes\/wp-json\/wp\/v2\/pages\/43&title=NOSOTROS','1410949501326','width=700,height=500,toolbar=0,menubar=0,location=0,status=1,scrollbars=1,resizable=1,left=0,top=0');return false;\" style=\"background-position: -340px -80px \"><\/a>\n\t\t\t\t\t\t\t\t\t<\/li>\n\t\t\t\t\t\t\t\t\t\t\t\t\t\t\t<\/ul>\n\t\t\t\t\t\t\n\t\t\t\t\t\t\t<div class=\"clear\"><\/div>\n\t\t\t\t\t\t<\/div>\n\n\t\n\t\n\n\t","protected":false},"excerpt":{"rendered":"<p>Introducci\u00f3n Durante los \u00faltimos tiempos el mundo ha sufrido cambios muy dr\u00e1sticos; La tecnolog\u00eda, la inmoralidad, el libertinaje, la violencia, [&hellip;]<\/p>\n","protected":false},"author":1,"featured_media":0,"parent":0,"menu_order":0,"comment_status":"open","ping_status":"open","template":"","meta":[],"_links":{"self":[{"href":"http:\/\/ministerioaguadevida.net\/jovenes\/wp-json\/wp\/v2\/pages\/43"}],"collection":[{"href":"http:\/\/ministerioaguadevida.net\/jovenes\/wp-json\/wp\/v2\/pages"}],"about":[{"href":"http:\/\/ministerioaguadevida.net\/jovenes\/wp-json\/wp\/v2\/types\/page"}],"author":[{"embeddable":true,"href":"http:\/\/ministerioaguadevida.net\/jovenes\/wp-json\/wp\/v2\/users\/1"}],"replies":[{"embeddable":true,"href":"http:\/\/ministerioaguadevida.net\/jovenes\/wp-json\/wp\/v2\/comments?post=43"}],"version-history":[{"count":5,"href":"http:\/\/ministerioaguadevida.net\/jovenes\/wp-json\/wp\/v2\/pages\/43\/revisions"}],"predecessor-version":[{"id":103,"href":"http:\/\/ministerioaguadevida.net\/jovenes\/wp-json\/wp\/v2\/pages\/43\/revisions\/103"}],"wp:attachment":[{"href":"http:\/\/ministerioaguadevida.net\/jovenes\/wp-json\/wp\/v2\/media?parent=43"}],"curies":[{"name":"wp","href":"https:\/\/api.w.org\/{rel}","templated":true}]}}